{"id":4050,"date":"2022-05-04T15:57:16","date_gmt":"2022-05-04T13:57:16","guid":{"rendered":"https:\/\/shop.promeditec.ch\/?post_type=product&#038;p=4050"},"modified":"2025-04-04T14:23:03","modified_gmt":"2025-04-04T12:23:03","slug":"reifen-26-x-1-00-one-559-copie","status":"publish","type":"product","link":"https:\/\/shop.promeditec.ch\/de\/produit\/reifen-26-x-1-00-one-559-copie\/","title":{"rendered":"Reifen 26 x 1.00 One (571)"},"content":{"rendered":"<p>Gr\u00f6sse: 26 x 1.00<br \/>\nE.T.R.T.O.: <strong>25 &#8211; 571<\/strong><br \/>\nProfil: HS 462A<br \/>\nDruck:\u00a06 bis 10 bar<br \/>\nFarbe: schwarz<br \/>\nSchlauch-Nr.: 9A<\/p>\n<p><span style=\"font-weight: bold;\"><br \/>\nSCHWALBE ONE V-Guard<\/span><\/p>\n<p>&#8211; Sportives Design, exzellentes Race-Compound<br \/>\n&#8211; Setzt Massst\u00e4be in Qualit\u00e4t und Performance<br \/>\n&#8211; Schnell und leicht<br \/>\n&#8211; Guter Pannenschutz<\/p>\n<p>Ein Reifen der keine schwarzen Abriebspuren auf Indoor-B\u00f6den hinterl\u00e4sst. Das revolution\u00e4r neue Compound Black&#8217;n Roll, entwickelt in den Schwalbe-Labors, macht es m\u00f6glich&#8220;<\/p>\n","protected":false},"excerpt":{"rendered":"<p><strong><\/strong><\/p>\n<p>Gr&ouml;sse: 26 x 1.00<br \/>E.T.R.T.O.: 25 &#8211; 559<br \/>Profil: HS 462A<br \/>Druck:&nbsp;6 bis 10 bar<br \/>Farbe: schwarz<font color=\"#0000ff\"><strong><\/strong><\/font><font color=\"#000000\"><font color=\"#ff0000\"><strong><\/strong><\/font><\/font><font color=\"#ffff00\"><strong><\/strong><\/font><br \/>Schlauch-Nr.: 9A<\/p>\n<p><span style=\"font-weight: bold\">SCHWALBE ONE V-Guard<\/p>\n<p><\/span><\/p>\n<p>Schon der Name zeigt, welchen Stellenwert dieser Rennradreifen im Hause  Schwalbe hat. Mit neuem Profildesign, verbessertem Compound und  hochwertiger Verarbeitung setzt der Schwalbe One Ma&szlig;st&auml;be in Qualit&auml;t  und Performance. Urspr&uuml;nglich f&uuml;r den Wettkampfsport entwickelt, haben  wir diesen Spitzen-Reifen mithilfe unseres WheelStar Compounds  rollstuhltauglich gemacht. Der Schwalbe One ist schnell und zuverl&auml;ssig  zugleich. F&uuml;r den Pannenschutz sorgt unser V-Guard, hergestellt aus  einem Spezialgewebe, welches sich durch geringes Gewicht und extreme  Schnittfestigkeit auszeichnet.<\/p>\n<p><a href=\"\/shop_content.php?coID=0\"><img decoding=\"async\" style=\"width: 129px;height: 22px\" alt=\"\" src=\"\/images\/artikelzusatzbilder\/SC_black n roll logo_gif.gif\" width=\"129\" height=\"22\" \/><\/a> Keine dunklen Abriebspuren auf Indoor-B&ouml;den<\/p>\n<p>Ein Reifen der keine schwarzen Abriebspuren auf  Indoor-B&ouml;den hinterl&auml;sst. Das revolution&auml;r neue Compound Black&#8217;n Roll,  entwickelt in den Schwalbe-Labors, macht es m&ouml;glich&#8220;<\/p>\n","protected":false},"featured_media":984,"comment_status":"closed","ping_status":"closed","template":"","meta":{"_acf_changed":false},"product_cat":[107,108,109],"product_tag":[],"class_list":{"0":"post-4050","1":"product","2":"type-product","3":"status-publish","4":"has-post-thumbnail","6":"product_cat-luftreifen-de","7":"product_cat-premium-p-de","8":"product_cat-26-28-p-de","10":"first","11":"instock","12":"taxable","13":"shipping-taxable","14":"purchasable","15":"product-type-simple"},"acf":[],"tiered_pricing_type":"fixed","tiered_pricing_fixed_rules":[],"tiered_pricing_product_settings":{"layout":"default","base_unit_name":{"singular":null,"plural":null},"default_variation":null},"tiered_pricing_minimum_quantity":1,"tiered_pricing_roles_data":[],"tiered_pricing_percentage_rules":[],"_links":{"self":[{"href":"https:\/\/shop.promeditec.ch\/de\/wp-json\/wp\/v2\/product\/4050","targetHints":{"allow":["GET"]}}],"collection":[{"href":"https:\/\/shop.promeditec.ch\/de\/wp-json\/wp\/v2\/product"}],"about":[{"href":"https:\/\/shop.promeditec.ch\/de\/wp-json\/wp\/v2\/types\/product"}],"replies":[{"embeddable":true,"href":"https:\/\/shop.promeditec.ch\/de\/wp-json\/wp\/v2\/comments?post=4050"}],"wp:featuredmedia":[{"embeddable":true,"href":"https:\/\/shop.promeditec.ch\/de\/wp-json\/wp\/v2\/media\/984"}],"wp:attachment":[{"href":"https:\/\/shop.promeditec.ch\/de\/wp-json\/wp\/v2\/media?parent=4050"}],"wp:term":[{"taxonomy":"product_cat","embeddable":true,"href":"https:\/\/shop.promeditec.ch\/de\/wp-json\/wp\/v2\/product_cat?post=4050"},{"taxonomy":"product_tag","embeddable":true,"href":"https:\/\/shop.promeditec.ch\/de\/wp-json\/wp\/v2\/product_tag?post=4050"}],"curies":[{"name":"wp","href":"https:\/\/api.w.org\/{rel}","templated":true}]}}