{"id":3930,"date":"2022-02-16T10:53:18","date_gmt":"2022-02-16T09:53:18","guid":{"rendered":"https:\/\/shop.promeditec.ch\/?post_type=product&#038;p=3930"},"modified":"2022-02-16T13:55:25","modified_gmt":"2022-02-16T12:55:25","slug":"reifen-22-x-1-alpha-protect","status":"publish","type":"product","link":"https:\/\/shop.promeditec.ch\/de\/produit\/reifen-22-x-1-alpha-protect\/","title":{"rendered":"Reifen 22 x 1&#8243; Alpha Protect"},"content":{"rendered":"<p><a href=\"\/shop_content.php?coID=10\"><span style=\"color: #000000;\">Gr\u00f6sse<\/span><\/a>: 22 x 1&#8243;<br \/>\nE.T.R.T.O.: 25 &#8211; 489<br \/>\nProfil: Alpha Protect<br \/>\nDruck: 6 &#8211; 10 bar<br \/>\nFarbe: schwarz BNM<\/p>\n<p>Der CST Reifen mit h\u00f6chstem Pannenschutz bei geringstem Gewicht speziel f\u00fcr Rollst\u00fchle entwickelt. Unser Garant f\u00fcr Ihre Mobilit\u00e4t.<\/p>\n","protected":false},"excerpt":{"rendered":"<p><a href=\"\/shop_content.php?coID=10\"><font color=\"#000000\">Gr&ouml;sse<\/font><\/a>: 20 x 1 \u215c<br \/>E.T.R.T.O.: 37 &#8211; 451<br \/>Profil: IS 101<br \/>Druck: bis 4 bar<br \/>Ausf&uuml;hrung: &#8211;<br \/>Farbe: grau<\/p>\n<p>Standard Rollstuhl- und Industriereifen von Impac.<\/p>\n<p>&#8222;<\/p>\n","protected":false},"featured_media":0,"comment_status":"closed","ping_status":"closed","template":"","meta":{"_acf_changed":false},"product_cat":[106],"product_tag":[],"class_list":{"0":"post-3930","1":"product","2":"type-product","3":"status-publish","5":"product_brand-cst-de","6":"product_cat-12-22-p-de","8":"first","9":"instock","10":"taxable","11":"shipping-taxable","12":"purchasable","13":"product-type-simple"},"acf":[],"tiered_pricing_type":"fixed","tiered_pricing_fixed_rules":[],"tiered_pricing_product_settings":{"layout":"default","base_unit_name":{"singular":null,"plural":null},"default_variation":null},"tiered_pricing_minimum_quantity":1,"tiered_pricing_roles_data":[],"tiered_pricing_percentage_rules":[],"_links":{"self":[{"href":"https:\/\/shop.promeditec.ch\/de\/wp-json\/wp\/v2\/product\/3930","targetHints":{"allow":["GET"]}}],"collection":[{"href":"https:\/\/shop.promeditec.ch\/de\/wp-json\/wp\/v2\/product"}],"about":[{"href":"https:\/\/shop.promeditec.ch\/de\/wp-json\/wp\/v2\/types\/product"}],"replies":[{"embeddable":true,"href":"https:\/\/shop.promeditec.ch\/de\/wp-json\/wp\/v2\/comments?post=3930"}],"wp:attachment":[{"href":"https:\/\/shop.promeditec.ch\/de\/wp-json\/wp\/v2\/media?parent=3930"}],"wp:term":[{"taxonomy":"product_cat","embeddable":true,"href":"https:\/\/shop.promeditec.ch\/de\/wp-json\/wp\/v2\/product_cat?post=3930"},{"taxonomy":"product_tag","embeddable":true,"href":"https:\/\/shop.promeditec.ch\/de\/wp-json\/wp\/v2\/product_tag?post=3930"}],"curies":[{"name":"wp","href":"https:\/\/api.w.org\/{rel}","templated":true}]}}