{"id":3217,"date":"2021-03-26T16:15:42","date_gmt":"2021-03-26T15:15:42","guid":{"rendered":"https:\/\/shop.promeditec.ch\/produit\/maxgrepp-original-greifreifen-24-533mm-l-blech\/"},"modified":"2025-12-30T18:36:28","modified_gmt":"2025-12-30T17:36:28","slug":"maxgrepp-original-greifreifen-24-533mm-4-steg","status":"publish","type":"product","link":"https:\/\/shop.promeditec.ch\/de\/produit\/maxgrepp-original-greifreifen-24-533mm-4-steg\/","title":{"rendered":"Maxgrepp Original 24&#8243;\/533mm, Euro"},"content":{"rendered":"<p>Dimension: 24&#8243;<br \/>\nAussenmass: 533mm<br \/>\nAusf\u00fchrung: inklusive Befestigungsmaterial<br \/>\nMaterial: Aluminiumgreifreifen mit Naturkautschuk-\u00dcberzug<br \/>\nFarbe: Schwarz<br \/>\nStege: 4 oder 6<br \/>\nBefestigungsart: Euro (L-Blech in Felge geschraubt)<\/p>\n<p>L-Blech-Befestigung mit zwei Distanzbohrungen f\u00fcr die geeignete Abstandswahl.<\/p>\n<p>Der Maxgrepp-Original ist ein Greifreifen, der sich idealerweise f\u00fcr Rollstuhlfahrer mit verminderter Kraft in den H\u00e4nden eignet. Der \u00dcberzug aus Naturkautschuk verhilft zu gr\u00f6sserer Griffigkeit und dadurch zu einer Fortbewegung mit geringerem Kraftaufwand als mit einem konventionellen Aluminiumgreifreifen. Bei h\u00e4ufiger Anwendung werden die H\u00e4nde stimuliert, wodurch sich eine verbesserte Handfunktion und -st\u00e4rkung einstellen kann.<\/p>\n<p>&nbsp;<\/p>\n","protected":false},"excerpt":{"rendered":"<p>Dimension: 24&quot; <br \/>Aussenmass: 533mm<br \/>Material: Aluminiumgreifreifen mit Schaumstoff&uuml;berzug<br \/>Farbe: Schwarz<br \/>Stege: 4 oder 6 (auf Anfrage mit 5 Stegen)<br \/>Befestigungsart: L-Blech<\/p>\n<ul>\n<li>L-Blech-Befestigung mit zwei Distanzbohrungen f&uuml;r die geeignete Abstandswahl. <\/li>\n<\/ul>\n<p>Der Maxgrepp-Original ist ein Greifreifen, der sich idealerweise f&uuml;r Rollstuhlfahrer mit verminderter Kraft in den H&auml;nden eignet. Der Schaumstoff&uuml;berzug aus Naturkautschuk verhilft zu gr&ouml;sserer Griffigkeit und dadurch zu einer Fortbewegung mit geringerem Kraftaufwand als mit einem konventionellen Aluminiumgreifreifen. Bei h&auml;ufiger Anwendung werden die H&auml;nde stimuliert und eine verbesserte Handfunktion und -st&auml;rkung kann sich einstellen.<\/p>\n<p>&#8222;<\/p>\n","protected":false},"featured_media":294,"comment_status":"closed","ping_status":"closed","template":"","meta":{"_acf_changed":false},"product_cat":[138,165,167],"product_tag":[],"class_list":{"0":"post-3217","1":"product","2":"type-product","3":"status-publish","4":"has-post-thumbnail","6":"product_brand-maxgrepp-de","7":"product_cat-greifreifen-de","8":"product_cat-maxgrepp-de","9":"product_cat-24-de","11":"first","12":"instock","13":"taxable","14":"shipping-taxable","15":"purchasable","16":"product-type-simple"},"acf":[],"tiered_pricing_type":"fixed","tiered_pricing_fixed_rules":[],"tiered_pricing_product_settings":{"layout":"default","base_unit_name":{"singular":null,"plural":null},"default_variation":null},"tiered_pricing_minimum_quantity":1,"tiered_pricing_roles_data":[],"tiered_pricing_percentage_rules":[],"_links":{"self":[{"href":"https:\/\/shop.promeditec.ch\/de\/wp-json\/wp\/v2\/product\/3217","targetHints":{"allow":["GET"]}}],"collection":[{"href":"https:\/\/shop.promeditec.ch\/de\/wp-json\/wp\/v2\/product"}],"about":[{"href":"https:\/\/shop.promeditec.ch\/de\/wp-json\/wp\/v2\/types\/product"}],"replies":[{"embeddable":true,"href":"https:\/\/shop.promeditec.ch\/de\/wp-json\/wp\/v2\/comments?post=3217"}],"wp:featuredmedia":[{"embeddable":true,"href":"https:\/\/shop.promeditec.ch\/de\/wp-json\/wp\/v2\/media\/294"}],"wp:attachment":[{"href":"https:\/\/shop.promeditec.ch\/de\/wp-json\/wp\/v2\/media?parent=3217"}],"wp:term":[{"taxonomy":"product_cat","embeddable":true,"href":"https:\/\/shop.promeditec.ch\/de\/wp-json\/wp\/v2\/product_cat?post=3217"},{"taxonomy":"product_tag","embeddable":true,"href":"https:\/\/shop.promeditec.ch\/de\/wp-json\/wp\/v2\/product_tag?post=3217"}],"curies":[{"name":"wp","href":"https:\/\/api.w.org\/{rel}","templated":true}]}}