{"id":1906,"date":"2021-03-08T14:11:47","date_gmt":"2021-03-08T13:11:47","guid":{"rendered":"https:\/\/shop.promeditec.ch\/produit\/chambre-a-air-8-x-1-1-4\/"},"modified":"2021-03-29T20:50:24","modified_gmt":"2021-03-29T18:50:24","slug":"schlauch-8-x-1-1-4","status":"publish","type":"product","link":"https:\/\/shop.promeditec.ch\/de\/produit\/schlauch-8-x-1-1-4\/","title":{"rendered":"Schlauch 8 x 1 \u00bc"},"content":{"rendered":"<p><a href=\"\/shop_content.php?coID=10\"><span style=\"color: #000000;\">Gr\u00f6sse<\/span><\/a>: 8 x 1 \u00bc<br \/>\nE.T.R.T.O.: 32 &#8211; 137<br \/>\nVentil: Autoventil mit Gewinde<br \/>\nFarbe: schwarz<br \/>\nAusf\u00fchrung: AV <strong>90\/45<\/strong> DIN 7768 oder AV <strong>30\/45<\/strong> DIN 7768<\/p>\n<p>Dieser Schlauch passt zu Reifen folgender Gr\u00f6sse:<\/p>\n<table border=\"0\" width=\"25%\" cellspacing=\"1\" cellpadding=\"1\">\n<tbody>\n<tr>\n<td><strong>E.T.R.T.O.<\/strong><\/td>\n<td><strong>Zollgr\u00f6sse<\/strong><\/td>\n<\/tr>\n<tr>\n<td>32 &#8211; 137<\/td>\n<td>8 x 1 \u00bc<\/td>\n<\/tr>\n<\/tbody>\n<\/table>\n<p>Bitte w\u00e4hlen Sie die gew\u00fcnschte Ventilkr\u00fcmmung und -l\u00e4nge.<\/p>\n","protected":false},"excerpt":{"rendered":"<p><a href=\"\/shop_content.php?coID=10\"><font color=\"#000000\">Gr&ouml;sse<\/font><\/a>: 8 x 1 \u00bc<br \/>E.T.R.T.O.: 32 &#8211; 137<br \/>Ventil: Autoventil mit Gewinde<br \/>Farbe: schwarz<br \/>Ausf&uuml;hrung: AV <strong>90\/45<\/strong> DIN 7768 oder AV <strong>30\/45<\/strong> DIN 7768<\/p>\n<p>Dieser Schlauch passt zu Reifen folgender Gr&ouml;sse:<\/p>\n<table width=\"25%\" cellspacing=\"1\" cellpadding=\"1\" border=\"0\">\n<tbody>\n<tr>\n<td><strong>E.T.R.T.O.<\/strong><\/td>\n<td><strong>Zollgr&ouml;sse<\/strong><\/td>\n<\/tr>\n<tr>\n<td>32 &#8211; 137<\/td>\n<td>8 x 1 \u00bc<\/td>\n<\/tr>\n<\/tbody>\n<\/table>\n<\/p>\n<p>Bitte w&auml;hlen Sie die gew&uuml;nschte Ventilkr&uuml;mmung und -l&auml;nge<\/p>\n<p> <\/p>\n<p>&#8222;<\/p>\n","protected":false},"featured_media":2033,"comment_status":"closed","ping_status":"closed","template":"","meta":{"_acf_changed":false},"product_cat":[105,168],"product_tag":[],"class_list":{"0":"post-1906","1":"product","2":"type-product","3":"status-publish","4":"has-post-thumbnail","6":"product_brand-impac-de","7":"product_cat-schlauche-de","8":"product_cat-8-s-de","10":"first","11":"instock","12":"taxable","13":"shipping-taxable","14":"product-type-variable"},"acf":[],"tiered_pricing_type":"fixed","tiered_pricing_fixed_rules":[],"tiered_pricing_product_settings":{"layout":"default","base_unit_name":{"singular":null,"plural":null},"default_variation":null},"tiered_pricing_minimum_quantity":1,"tiered_pricing_roles_data":[],"tiered_pricing_percentage_rules":[],"_links":{"self":[{"href":"https:\/\/shop.promeditec.ch\/de\/wp-json\/wp\/v2\/product\/1906","targetHints":{"allow":["GET"]}}],"collection":[{"href":"https:\/\/shop.promeditec.ch\/de\/wp-json\/wp\/v2\/product"}],"about":[{"href":"https:\/\/shop.promeditec.ch\/de\/wp-json\/wp\/v2\/types\/product"}],"replies":[{"embeddable":true,"href":"https:\/\/shop.promeditec.ch\/de\/wp-json\/wp\/v2\/comments?post=1906"}],"wp:featuredmedia":[{"embeddable":true,"href":"https:\/\/shop.promeditec.ch\/de\/wp-json\/wp\/v2\/media\/2033"}],"wp:attachment":[{"href":"https:\/\/shop.promeditec.ch\/de\/wp-json\/wp\/v2\/media?parent=1906"}],"wp:term":[{"taxonomy":"product_cat","embeddable":true,"href":"https:\/\/shop.promeditec.ch\/de\/wp-json\/wp\/v2\/product_cat?post=1906"},{"taxonomy":"product_tag","embeddable":true,"href":"https:\/\/shop.promeditec.ch\/de\/wp-json\/wp\/v2\/product_tag?post=1906"}],"curies":[{"name":"wp","href":"https:\/\/api.w.org\/{rel}","templated":true}]}}