{"id":1822,"date":"2021-03-08T14:11:06","date_gmt":"2021-03-08T13:11:06","guid":{"rendered":"https:\/\/shop.promeditec.ch\/produit\/sangle-dorsale-pour-nexus-3\/"},"modified":"2025-02-13T14:36:32","modified_gmt":"2025-02-13T13:36:32","slug":"sangle-dorsale-pour-nexus-3","status":"publish","type":"product","link":"https:\/\/shop.promeditec.ch\/de\/produit\/sangle-dorsale-pour-nexus-3\/","title":{"rendered":"R\u00fcckengurt neXus 3"},"content":{"rendered":"<p><strong>R\u00fcckengurt mit Schaumstoff\u00fcberzug f\u00fcr neXus 3 Rollator<\/strong><\/p>\n<p>Farbe: schwarz<br \/>\nAusf\u00fchrung: mit Schaumstoff\u00fcberzug und Schrauben<br \/>\nMaterial: Kunststoff \/Schaumstoff<br \/>\nL\u00e4nge: 70cm<br \/>\nBreite: 3.85cm<br \/>\nExplosionszeichnung-Nr.: 34 (R\u00fcckengurt)<\/p>\n<p>Passend f\u00fcr folgende Rollatoren:<\/p>\n<ul>\n<li>4500225F-09 (neXus 3 &#8222;low&#8220; Jahrgang 2005 bis)<\/li>\n<li>4500245T-09 (neXus 3 &#8222;standard&#8220; Jahrgang 2005 bis)<\/li>\n<\/ul>\n","protected":false},"excerpt":{"rendered":"<p><strong><\/strong><\/p>\n<p><strong>R&uuml;ckengurt-Schaumstoff&uuml;berzug f&uuml;r neXus 3 Rollator<\/strong><\/p>\n<p>Farbe: schwarz<br \/>Ausf&uuml;hrung: ohne Schaumstoff&uuml;berzug und Schrauben<br \/>Material: Kunststoff<br \/>L&auml;nge: 70cm<br \/>Breite: 3.85cm<br \/>Explosionszeichnung-Nr.: 34 (R&uuml;ckengurt)<\/p>\n<p>Passend f&uuml;r folgende Rollatoren:<\/p>\n<ul>\n<li>4500225F-09 (neXus 3 &quot;low&quot; Jahrgang 2005 bis) <\/li>\n<li>4500245T-09 (neXus 3 &quot;standard&quot; Jahrgang 2005 bis) <\/li>\n<\/ul>\n<p>&#8222;<\/p>\n","protected":false},"featured_media":34,"comment_status":"closed","ping_status":"closed","template":"","meta":{"_acf_changed":false},"product_cat":[154,152,158],"product_tag":[],"class_list":{"0":"post-1822","1":"product","2":"type-product","3":"status-publish","4":"has-post-thumbnail","6":"product_brand-dana-douglas-de","7":"product_cat-mobilitat-de","8":"product_cat-ersatzteile-gehhilfen-de","9":"product_cat-nexus-3-de","11":"first","12":"instock","13":"taxable","14":"shipping-taxable","15":"purchasable","16":"product-type-simple"},"acf":[],"tiered_pricing_type":"fixed","tiered_pricing_fixed_rules":[],"tiered_pricing_product_settings":{"layout":"default","base_unit_name":{"singular":null,"plural":null},"default_variation":null},"tiered_pricing_minimum_quantity":1,"tiered_pricing_roles_data":[],"tiered_pricing_percentage_rules":[],"_links":{"self":[{"href":"https:\/\/shop.promeditec.ch\/de\/wp-json\/wp\/v2\/product\/1822","targetHints":{"allow":["GET"]}}],"collection":[{"href":"https:\/\/shop.promeditec.ch\/de\/wp-json\/wp\/v2\/product"}],"about":[{"href":"https:\/\/shop.promeditec.ch\/de\/wp-json\/wp\/v2\/types\/product"}],"replies":[{"embeddable":true,"href":"https:\/\/shop.promeditec.ch\/de\/wp-json\/wp\/v2\/comments?post=1822"}],"wp:featuredmedia":[{"embeddable":true,"href":"https:\/\/shop.promeditec.ch\/de\/wp-json\/wp\/v2\/media\/34"}],"wp:attachment":[{"href":"https:\/\/shop.promeditec.ch\/de\/wp-json\/wp\/v2\/media?parent=1822"}],"wp:term":[{"taxonomy":"product_cat","embeddable":true,"href":"https:\/\/shop.promeditec.ch\/de\/wp-json\/wp\/v2\/product_cat?post=1822"},{"taxonomy":"product_tag","embeddable":true,"href":"https:\/\/shop.promeditec.ch\/de\/wp-json\/wp\/v2\/product_tag?post=1822"}],"curies":[{"name":"wp","href":"https:\/\/api.w.org\/{rel}","templated":true}]}}