{"id":1805,"date":"2021-03-08T14:11:18","date_gmt":"2021-03-08T13:11:18","guid":{"rendered":"https:\/\/shop.promeditec.ch\/produit\/frog-legs-staubkappe\/"},"modified":"2024-07-02T14:09:58","modified_gmt":"2024-07-02T12:09:58","slug":"frog-legs-staubkappe","status":"publish","type":"product","link":"https:\/\/shop.promeditec.ch\/de\/produit\/frog-legs-staubkappe\/","title":{"rendered":"Frog Legs Staubkappe"},"content":{"rendered":"<p><strong>Frog Shield f\u00fcr High Rebound Aluminium-Lenkrad<\/strong><\/p>\n<p>&nbsp;<\/p>\n<p><strong>AUSVERKAUF<\/strong><\/p>\n<p>&nbsp;<\/p>\n<p>Verf\u00fcgbare Farbe: silber (natur)<\/p>\n<p>Frog Shields sind maschinengefertigte Staubkappen und Distanzbuchsen f\u00fcr alle 3&#8243; bis 6&#8243; Frog Legs High Rebound Aluminium-Lenkr\u00e4der. Sie sch\u00fctzen die Kugellager gegen Schl\u00e4ge und Verschmutzung durch Haare, Wasser oder alles, das einfach dreckig ist. Verschmutzte Kugellager und Achsen erh\u00f6hen den Rollwiderstand.<\/p>\n<p>Mit den Frog Shields rollt es einfach l\u00e4nger und besser!&#8220;<\/p>\n","protected":false},"excerpt":{"rendered":"<p><strong>Frog Shield f&uuml;r High Rebound Aluminium-Lenkrad<\/strong><\/p>\n<p>Verf&uuml;gbare Farbe: silber (natur)<\/p>\n<p>Frog Shields sind maschinengefertigte Staubkappen und Distanzbuchsen f&uuml;r alle 3&quot; bis 6&quot; Frog Legs High Rebound Aluminium-Lenkr&auml;der. Sie sch&uuml;tzen die Kugellager gegen Schl&auml;ge und Verschmutzung durch Haare, Wasser oder alles, das einfach dreckig ist. Verschmutzte Kugellager und Achsen erh&ouml;hen den Rollwiderstand, aber mit den Frog Shields rollt es einfach l&auml;nger besser!&#8220;<\/p>\n","protected":false},"featured_media":91,"comment_status":"closed","ping_status":"closed","template":"","meta":{"_acf_changed":false},"product_cat":[124,151],"product_tag":[],"class_list":{"0":"post-1805","1":"product","2":"type-product","3":"status-publish","4":"has-post-thumbnail","6":"product_brand-frog-legs-de","7":"product_cat-lenkrader-de","8":"product_cat-siouxx-de","10":"first","11":"instock","12":"taxable","13":"shipping-taxable","14":"purchasable","15":"product-type-simple"},"acf":[],"tiered_pricing_type":"fixed","tiered_pricing_fixed_rules":[],"tiered_pricing_product_settings":{"layout":"default","base_unit_name":{"singular":null,"plural":null},"default_variation":null},"tiered_pricing_minimum_quantity":1,"tiered_pricing_roles_data":[],"tiered_pricing_percentage_rules":[],"_links":{"self":[{"href":"https:\/\/shop.promeditec.ch\/de\/wp-json\/wp\/v2\/product\/1805","targetHints":{"allow":["GET"]}}],"collection":[{"href":"https:\/\/shop.promeditec.ch\/de\/wp-json\/wp\/v2\/product"}],"about":[{"href":"https:\/\/shop.promeditec.ch\/de\/wp-json\/wp\/v2\/types\/product"}],"replies":[{"embeddable":true,"href":"https:\/\/shop.promeditec.ch\/de\/wp-json\/wp\/v2\/comments?post=1805"}],"wp:featuredmedia":[{"embeddable":true,"href":"https:\/\/shop.promeditec.ch\/de\/wp-json\/wp\/v2\/media\/91"}],"wp:attachment":[{"href":"https:\/\/shop.promeditec.ch\/de\/wp-json\/wp\/v2\/media?parent=1805"}],"wp:term":[{"taxonomy":"product_cat","embeddable":true,"href":"https:\/\/shop.promeditec.ch\/de\/wp-json\/wp\/v2\/product_cat?post=1805"},{"taxonomy":"product_tag","embeddable":true,"href":"https:\/\/shop.promeditec.ch\/de\/wp-json\/wp\/v2\/product_tag?post=1805"}],"curies":[{"name":"wp","href":"https:\/\/api.w.org\/{rel}","templated":true}]}}