{"id":1799,"date":"2021-03-08T14:11:18","date_gmt":"2021-03-08T13:11:18","guid":{"rendered":"https:\/\/shop.promeditec.ch\/produit\/frog-legs-4-pu-bande-100-x-25\/"},"modified":"2024-07-02T14:03:56","modified_gmt":"2024-07-02T12:03:56","slug":"frog-legs-4-pu-bande-100-x-25","status":"publish","type":"product","link":"https:\/\/shop.promeditec.ch\/de\/produit\/frog-legs-4-pu-bande-100-x-25\/","title":{"rendered":"Frog Legs 4 PU-Ersatzlauffl\u00e4che, 100 x 25&#8243;"},"content":{"rendered":"<p><strong>PU-Ersatzlauffl\u00e4che f\u00fcr High Rebound Aluminium-Lenkrad<\/strong><\/p>\n<p>Gr\u00f6sse: 100 x 25mm, 4 x 1.0&#8243;<\/p>\n<p>&nbsp;<\/p>\n<p><strong>AUSVERKAUF<\/strong><\/p>\n<p>&nbsp;<\/p>\n<p>Profil: glatt<br \/>\nGewicht: 30 g<br \/>\nFarbe: schwarz<\/p>\n<ul>\n<li>Absolut pannensicher<\/li>\n<li>V\u00f6llig wartungsfrei, kein Pumpen mehr<\/li>\n<li>Geringes Eigengewicht<\/li>\n<li>Hoher Fahrkomfort, sehr guter Rundlauf<\/li>\n<li>Dauerelastisch, auch nach langem Stehen keine Verformung<\/li>\n<li>Die <span style=\"font-style: italic;\">EPIC Solid Urethane<\/span> Lauffl\u00e4che absorbiert kein Wasser und hinterl\u00e4sst somit keine Laufspuren.<\/li>\n<\/ul>\n<p>&#8222;<\/p>\n","protected":false},"excerpt":{"rendered":"<p><strong>PU-Ersatzlauffl&auml;che f&uuml;r High Rebound Aluminium-Lenkrad<\/strong><\/p>\n<p>Gr&ouml;sse: 100 x 25mm, 4 x 1.0&quot;<\/p>\n<p>Profil: glatt<br \/>Gewicht: 30 g<br \/>Farbe: schwarz<\/p>\n<\/p>\n<li>Absolut pannensicher <\/li>\n<li>V&ouml;llig wartungsfrei, kein Pumpen mehr <\/li>\n<li>Geringes Eigengewicht <\/li>\n<li>Hoher Fahrkomfort, sehr guter Rundlauf <\/li>\n<li>Dauerelastisch, auch nach langem Stehen keine Verformung<\/li>\n<li>Die <span style=\"font-style: italic;\">EPIC Solid Urethane<\/span> Lauffl&auml;che absorbiert kein Wasser und hinterl&auml;sst somit keine Laufspuren.<\/li>\n<p>&#8222;<\/p>\n","protected":false},"featured_media":73,"comment_status":"closed","ping_status":"closed","template":"","meta":{"_acf_changed":false},"product_cat":[124,151],"product_tag":[],"class_list":{"0":"post-1799","1":"product","2":"type-product","3":"status-publish","4":"has-post-thumbnail","6":"product_brand-frog-legs-de","7":"product_cat-lenkrader-de","8":"product_cat-siouxx-de","10":"first","11":"instock","12":"taxable","13":"shipping-taxable","14":"purchasable","15":"product-type-simple"},"acf":[],"tiered_pricing_type":"fixed","tiered_pricing_fixed_rules":[],"tiered_pricing_product_settings":{"layout":"default","base_unit_name":{"singular":null,"plural":null},"default_variation":null},"tiered_pricing_minimum_quantity":1,"tiered_pricing_roles_data":[],"tiered_pricing_percentage_rules":[],"_links":{"self":[{"href":"https:\/\/shop.promeditec.ch\/de\/wp-json\/wp\/v2\/product\/1799","targetHints":{"allow":["GET"]}}],"collection":[{"href":"https:\/\/shop.promeditec.ch\/de\/wp-json\/wp\/v2\/product"}],"about":[{"href":"https:\/\/shop.promeditec.ch\/de\/wp-json\/wp\/v2\/types\/product"}],"replies":[{"embeddable":true,"href":"https:\/\/shop.promeditec.ch\/de\/wp-json\/wp\/v2\/comments?post=1799"}],"wp:featuredmedia":[{"embeddable":true,"href":"https:\/\/shop.promeditec.ch\/de\/wp-json\/wp\/v2\/media\/73"}],"wp:attachment":[{"href":"https:\/\/shop.promeditec.ch\/de\/wp-json\/wp\/v2\/media?parent=1799"}],"wp:term":[{"taxonomy":"product_cat","embeddable":true,"href":"https:\/\/shop.promeditec.ch\/de\/wp-json\/wp\/v2\/product_cat?post=1799"},{"taxonomy":"product_tag","embeddable":true,"href":"https:\/\/shop.promeditec.ch\/de\/wp-json\/wp\/v2\/product_tag?post=1799"}],"curies":[{"name":"wp","href":"https:\/\/api.w.org\/{rel}","templated":true}]}}