{"id":1783,"date":"2021-03-08T14:11:35","date_gmt":"2021-03-08T13:11:35","guid":{"rendered":"https:\/\/shop.promeditec.ch\/produit\/chambre-a-air-180-x-50-200-x-50-ou-7-x-1-3-4\/"},"modified":"2021-03-29T20:50:27","modified_gmt":"2021-03-29T18:50:27","slug":"schlauch-180-x-50-200-x-50-oder-7-x-1-3-4","status":"publish","type":"product","link":"https:\/\/shop.promeditec.ch\/de\/produit\/schlauch-180-x-50-200-x-50-oder-7-x-1-3-4\/","title":{"rendered":"Schlauch 180 x 50, 200 x 50 oder 7 x 1 \u00be"},"content":{"rendered":"<p><a href=\"\/shop_content.php?coID=10\"><span style=\"color: #000000;\">Gr\u00f6sse<\/span><\/a>: 7 x 1 \u00be ( 180 x 50 oder 200 x 50)<br \/>\nE.T.R.T.O.: &#8211;<br \/>\nVentil: Autoventil mit Gewinde<br \/>\nFarbe: schwarz<br \/>\nAusf\u00fchrung: AV <strong>0\/45<\/strong> DIN 7768, AV <strong>30\/90<\/strong> DIN 7777 oder AV <strong>90\/90<\/strong> DIN 7768<\/p>\n<p>Dieser Schlauch passt zu Reifen folgender Gr\u00f6sse:<\/p>\n<table border=\"0\" width=\"25%\" cellspacing=\"1\" cellpadding=\"1\">\n<tbody>\n<tr>\n<td><strong>E.T.R.T.O.<\/strong><\/td>\n<td><strong>Zollgr\u00f6sse<\/strong><\/td>\n<\/tr>\n<tr>\n<td>&#8211;<\/td>\n<td>7 x 1 \u00be<\/td>\n<\/tr>\n<\/tbody>\n<\/table>\n<p>Bitte w\u00e4hlen Sie die gew\u00fcnschte Ventilkr\u00fcmmung und -l\u00e4nge.<\/p>\n","protected":false},"excerpt":{"rendered":"<p><a href=\"\/shop_content.php?coID=10\"><font color=\"#000000\">Gr&ouml;sse<\/font><\/a>: 7 x 1 \u00be ( 180 x 50 oder 200 x 50)<br \/>E.T.R.T.O.: &#8211;<br \/>Ventil: Autoventil mit Gewinde<br \/>Farbe: schwarz<br \/>Ausf&uuml;hrung: AV <strong><\/strong> <strong>0\/45<\/strong> DIN 7768, AV <strong>30\/90<\/strong> DIN 7777 oder AV <strong>90\/90<\/strong> DIN 7768<\/p>\n<p>Dieser Schlauch passt zu Reifen folgender Gr&ouml;sse:<\/p>\n<table width=\"25%\" cellspacing=\"1\" cellpadding=\"1\" border=\"0\">\n<tbody>\n<tr>\n<td><strong>E.T.R.T.O.<\/strong><\/td>\n<td><strong>Zollgr&ouml;sse<\/strong><\/td>\n<\/tr>\n<tr>\n<td>&#8211;<\/td>\n<td>7 x 1 \u00be<\/td>\n<\/tr>\n<\/tbody>\n<\/table>\n<\/p>\n<p>Bitte w&auml;hlen Sie die gew&uuml;nschte Ventilkr&uuml;mmung und -l&auml;nge<\/p>\n<p> <\/p>\n<p>&#8222;<\/p>\n","protected":false},"featured_media":2033,"comment_status":"closed","ping_status":"closed","template":"","meta":{"_acf_changed":false},"product_cat":[105,146,168],"product_tag":[],"class_list":{"0":"post-1783","1":"product","2":"type-product","3":"status-publish","4":"has-post-thumbnail","6":"product_brand-impac-de","7":"product_cat-schlauche-de","8":"product_cat-7-s-de","9":"product_cat-8-s-de","11":"first","12":"instock","13":"taxable","14":"shipping-taxable","15":"purchasable","16":"product-type-variable"},"acf":[],"tiered_pricing_type":"fixed","tiered_pricing_fixed_rules":[],"tiered_pricing_product_settings":{"layout":"default","base_unit_name":{"singular":null,"plural":null},"default_variation":null},"tiered_pricing_minimum_quantity":1,"tiered_pricing_roles_data":[],"tiered_pricing_percentage_rules":[],"_links":{"self":[{"href":"https:\/\/shop.promeditec.ch\/de\/wp-json\/wp\/v2\/product\/1783","targetHints":{"allow":["GET"]}}],"collection":[{"href":"https:\/\/shop.promeditec.ch\/de\/wp-json\/wp\/v2\/product"}],"about":[{"href":"https:\/\/shop.promeditec.ch\/de\/wp-json\/wp\/v2\/types\/product"}],"replies":[{"embeddable":true,"href":"https:\/\/shop.promeditec.ch\/de\/wp-json\/wp\/v2\/comments?post=1783"}],"wp:featuredmedia":[{"embeddable":true,"href":"https:\/\/shop.promeditec.ch\/de\/wp-json\/wp\/v2\/media\/2033"}],"wp:attachment":[{"href":"https:\/\/shop.promeditec.ch\/de\/wp-json\/wp\/v2\/media?parent=1783"}],"wp:term":[{"taxonomy":"product_cat","embeddable":true,"href":"https:\/\/shop.promeditec.ch\/de\/wp-json\/wp\/v2\/product_cat?post=1783"},{"taxonomy":"product_tag","embeddable":true,"href":"https:\/\/shop.promeditec.ch\/de\/wp-json\/wp\/v2\/product_tag?post=1783"}],"curies":[{"name":"wp","href":"https:\/\/api.w.org\/{rel}","templated":true}]}}