{"id":1726,"date":"2021-03-08T14:14:34","date_gmt":"2021-03-08T13:14:34","guid":{"rendered":"https:\/\/shop.promeditec.ch\/produit\/24-main-courante-medium-hard-foam-grip\/"},"modified":"2021-03-29T19:51:07","modified_gmt":"2021-03-29T17:51:07","slug":"medium-hard-foam-grip-greifreifen","status":"publish","type":"product","link":"https:\/\/shop.promeditec.ch\/de\/produit\/medium-hard-foam-grip-greifreifen\/","title":{"rendered":"24&#8243; Medium Hard Foam Grip Greifreifen"},"content":{"rendered":"<p><span style=\"font-weight: bold;\">MBL Medium Hard Foam Grip Greifreifen<\/span><\/p>\n<p>Dimension: 24&#8243; \/ 540m<br \/>\nAussenmass:\u00a024.0 x 537mm<br \/>\nMaterial: Aluminium-Greifreifen mit gesch\u00e4umter Kunststoff-H\u00fclle, nicht abf\u00e4rbend<br \/>\nFarbe: schwarz<br \/>\nStege: 6<br \/>\nMaterialdichte des \u00dcberzugs: 60+\/- 5 SHA<\/p>\n<style type=\"text\/css\"><!--\/* Font Definitions *\/@font-face{font-family:\"Cambria Math\";panose-1:2 4 5 3 5 4 6 3 2 4;mso-font-charset:1;mso-generic-font-family:roman;mso-font-format:other;mso-font-pitch:variable;mso-font-signature:0 0 0 0 0 0;}@font-face{font-family:Calibri;panose-1:2 15 5 2 2 2 4 3 2 4;mso-font-charset:0;mso-generic-font-family:swiss;mso-font-pitch:variable;mso-font-signature:-1610611985 1073750139 0 0 159 0;}\/* Style Definitions *\/p.MsoNormal, li.MsoNormal, div.MsoNormal{mso-style-unhide:no;mso-style-qformat:yes;mso-style-parent:\"\";margin:0cm;margin-bottom:.0001pt;mso-pagination:widow-orphan;font-size:11.0pt;font-family:\"Calibri\",\"sans-serif\";mso-fareast-font-family:Calibri;mso-fareast-theme-font:minor-latin;mso-bidi-font-family:\"Times New Roman\";}.MsoChpDefault{mso-style-type:export-only;mso-default-props:yes;font-size:10.0pt;mso-ansi-font-size:10.0pt;mso-bidi-font-size:10.0pt;}@page Section1{size:612.0pt 792.0pt;margin:70.85pt 70.85pt 2.0cm 70.85pt;mso-header-margin:36.0pt;mso-footer-margin:36.0pt;mso-paper-source:0;}div.Section1{page:Section1;}--><\/style>\n<p><b><\/b><br \/>\nBefestigungsart: Anker-Platte<\/p>\n<p>Kein Wegrutschen mehr, einfach alles im Griff! Der Soft Foam Grip Greifreifen von MBL macht es m\u00f6glicht.<\/p>\n<p>&#8222;<\/p>\n","protected":false},"excerpt":{"rendered":"<p><span style=\"FONT-WEIGHT: bold\">MBL Medium Hard Foam Grip Greifreifen<\/span><\/p>\n<p>Dimension: 24&quot; \/ 540m<br \/>Aussenmass:&nbsp;24.0 x 537mm<br \/>Material: Aluminium-Greifreifen mit gesch&auml;umter Kunststoff-H&uuml;lle, nicht abf&auml;rbend<br \/>Farbe: schwarz<br \/>Stege: 6<br \/>Materialdichte des &Uuml;berzugs: 60+\/- 5 SHA<link rel=\"colorSchemeMapping\" href=\"file:\/\/\/C:DOKUME~1SamiLOKALE~1Tempmsohtmlclip11clip_colorschememapping.xml\" \/>\n<style type=\"text\/css\"><!--\/* Font Definitions *\/@font-face{font-family:\"Cambria Math\";panose-1:2 4 5 3 5 4 6 3 2 4;mso-font-charset:1;mso-generic-font-family:roman;mso-font-format:other;mso-font-pitch:variable;mso-font-signature:0 0 0 0 0 0;}@font-face{font-family:Calibri;panose-1:2 15 5 2 2 2 4 3 2 4;mso-font-charset:0;mso-generic-font-family:swiss;mso-font-pitch:variable;mso-font-signature:-1610611985 1073750139 0 0 159 0;}\/* Style Definitions *\/p.MsoNormal, li.MsoNormal, div.MsoNormal{mso-style-unhide:no;mso-style-qformat:yes;mso-style-parent:\"\";margin:0cm;margin-bottom:.0001pt;mso-pagination:widow-orphan;font-size:11.0pt;font-family:\"Calibri\",\"sans-serif\";mso-fareast-font-family:Calibri;mso-fareast-theme-font:minor-latin;mso-bidi-font-family:\"Times New Roman\";}.MsoChpDefault{mso-style-type:export-only;mso-default-props:yes;font-size:10.0pt;mso-ansi-font-size:10.0pt;mso-bidi-font-size:10.0pt;}@page Section1{size:612.0pt 792.0pt;margin:70.85pt 70.85pt 2.0cm 70.85pt;mso-header-margin:36.0pt;mso-footer-margin:36.0pt;mso-paper-source:0;}div.Section1{page:Section1;}--><\/style>\n<p><b><span arial=\"\" sans-serif=\"\" style=\"FONT-SIZE: 9pt\"><\/span><\/b><br \/>Befestigungsart: Anker-Platte<\/p>\n<p>Kein Wegrutschen mehr, einfach alles im Griff! Der Soft Foam Grip Greifreifen von MBL macht es m&ouml;glicht.<\/p>\n<p>&#8222;<\/p>\n","protected":false},"featured_media":673,"comment_status":"closed","ping_status":"closed","template":"","meta":{"_acf_changed":false},"product_cat":[138,140],"product_tag":[],"class_list":{"0":"post-1726","1":"product","2":"type-product","3":"status-publish","4":"has-post-thumbnail","6":"product_brand-mbl-de","7":"product_cat-greifreifen-de","8":"product_cat-foam-grip-de","10":"first","11":"instock","12":"taxable","13":"shipping-taxable","14":"purchasable","15":"product-type-simple"},"acf":[],"tiered_pricing_type":"fixed","tiered_pricing_fixed_rules":{"10":"79"},"tiered_pricing_product_settings":{"layout":"default","base_unit_name":{"singular":null,"plural":null},"default_variation":null},"tiered_pricing_minimum_quantity":1,"tiered_pricing_roles_data":[],"tiered_pricing_percentage_rules":[],"_links":{"self":[{"href":"https:\/\/shop.promeditec.ch\/de\/wp-json\/wp\/v2\/product\/1726","targetHints":{"allow":["GET"]}}],"collection":[{"href":"https:\/\/shop.promeditec.ch\/de\/wp-json\/wp\/v2\/product"}],"about":[{"href":"https:\/\/shop.promeditec.ch\/de\/wp-json\/wp\/v2\/types\/product"}],"replies":[{"embeddable":true,"href":"https:\/\/shop.promeditec.ch\/de\/wp-json\/wp\/v2\/comments?post=1726"}],"wp:featuredmedia":[{"embeddable":true,"href":"https:\/\/shop.promeditec.ch\/de\/wp-json\/wp\/v2\/media\/673"}],"wp:attachment":[{"href":"https:\/\/shop.promeditec.ch\/de\/wp-json\/wp\/v2\/media?parent=1726"}],"wp:term":[{"taxonomy":"product_cat","embeddable":true,"href":"https:\/\/shop.promeditec.ch\/de\/wp-json\/wp\/v2\/product_cat?post=1726"},{"taxonomy":"product_tag","embeddable":true,"href":"https:\/\/shop.promeditec.ch\/de\/wp-json\/wp\/v2\/product_tag?post=1726"}],"curies":[{"name":"wp","href":"https:\/\/api.w.org\/{rel}","templated":true}]}}