{"id":1681,"date":"2021-03-08T14:15:04","date_gmt":"2021-03-08T13:15:04","guid":{"rendered":"https:\/\/shop.promeditec.ch\/produit\/pneu-24-x-1-00-rightrun-540-black\/"},"modified":"2024-05-13T11:32:58","modified_gmt":"2024-05-13T09:32:58","slug":"pneu-24-x-1-00-rightrun-540-black","status":"publish","type":"product","link":"https:\/\/shop.promeditec.ch\/de\/produit\/pneu-24-x-1-00-rightrun-540-black\/","title":{"rendered":"Reifen 24 x 1.00 RightRun (540) Black"},"content":{"rendered":"<p>Gr\u00f6sse: 24 x 1.00<br \/>\nE.T.R.T.O.: 25 &#8211; 540<br \/>\nProfil: HS 387<br \/>\nDruck: 6 bis 10 bar<br \/>\nFarbe: schwarz<br \/>\nSchlauch-Nr.: 9A<\/p>\n<p>&nbsp;<\/p>\n<div class=\"headlinecontainer\">\n<h2>Active Line<\/h2>\n<\/div>\n<p>Das Ger\u00fcst aller Active Line Reifen ist die hochwertige 50 EPI-Karkasse. Grobe 20 oder 24 EPI-Karkassen gibt es bei Schwalbe nicht mehr. Zus\u00e4tzlich sorgt der K-Guard bei allen Active Line Reifen f\u00fcr einen effektiven Pannenschutz.<\/p>\n<p>&nbsp;<\/p>\n<p><a href=\"\/shop_content.php?coID=0\"><img decoding=\"async\" src=\"https:\/\/shop.promeditec.ch\/wp-content\/uploads\/2021\/03\/SC_2grip-logo_gif.gif\" data-fancybox=\"gallery\" title=\"Reifen 24 x 1.00 RightRun (540) Black\" alt=\"\" width=\"65\" height=\"23\" \/><\/a>\u00a0Handschonende Reifen<\/p>\n<p>Ausgestattet mit glatten Seitenw\u00e4nden und der besonders robusten Gummimischung Black&#8217;n Roll im Mittellauf des Reifen, setzt der RightRun neue Massst\u00e4be im Sortiment von Schwalbe. Wie alle Basic Reifen verf\u00fcgt nat\u00fcrlich auch der RightRun \u00fcber die Puncture Protection Pannenschutzeinlage.<\/p>\n","protected":false},"excerpt":{"rendered":"<p><strong><\/strong><\/p>\n<p>Gr&ouml;sse: 24 x 1.00<br \/>E.T.R.T.O.: 25 &#8211; 540<br \/>Profil: HS 387<br \/>Druck: 6 bis 10 bar<br \/>Farbe: schwarz<br \/>Schlauch-Nr.: 9A<\/p>\n<p><span style=\"font-style: italic;\"><span style=\"font-weight: bold;\"><br \/><\/span><\/span><\/p>\n<p><a href=\"\/shop_content.php?coID=0\"><img decoding=\"async\" src=\"https:\/\/shop.promeditec.ch\/wp-content\/uploads\/2021\/03\/SC_2grip-logo_gif.gif\" alt=\"\" style=\"width: 65px; height: 23px;\" width=\"65\" height=\"23\" \/><\/a> Handschonende Reifen<\/p>\n<p>Ausgestattet mit glatten Seitenw&auml;nden und der besonders robusten Gummimischung Black&#8217;n Roll im Mittellauf des Reifen, setzt der RightRun neue Massst&auml;be im Sortiment von Schwalbe.<\/p>\n<p>&#8222;<\/p>\n","protected":false},"featured_media":785,"comment_status":"closed","ping_status":"open","template":"","meta":{"_acf_changed":false},"product_cat":[107,108,111],"product_tag":[],"class_list":{"0":"post-1681","1":"product","2":"type-product","3":"status-publish","4":"has-post-thumbnail","6":"product_brand-schwalbe-de","7":"product_cat-luftreifen-de","8":"product_cat-premium-p-de","9":"product_cat-24-x-3-4-1-00-p-de","11":"first","12":"instock","13":"taxable","14":"shipping-taxable","15":"purchasable","16":"product-type-simple"},"acf":[],"tiered_pricing_type":"fixed","tiered_pricing_fixed_rules":{"25":"12.60"},"tiered_pricing_product_settings":{"layout":"default","base_unit_name":{"singular":null,"plural":null},"default_variation":null},"tiered_pricing_minimum_quantity":1,"tiered_pricing_roles_data":[],"tiered_pricing_percentage_rules":[],"_links":{"self":[{"href":"https:\/\/shop.promeditec.ch\/de\/wp-json\/wp\/v2\/product\/1681","targetHints":{"allow":["GET"]}}],"collection":[{"href":"https:\/\/shop.promeditec.ch\/de\/wp-json\/wp\/v2\/product"}],"about":[{"href":"https:\/\/shop.promeditec.ch\/de\/wp-json\/wp\/v2\/types\/product"}],"replies":[{"embeddable":true,"href":"https:\/\/shop.promeditec.ch\/de\/wp-json\/wp\/v2\/comments?post=1681"}],"wp:featuredmedia":[{"embeddable":true,"href":"https:\/\/shop.promeditec.ch\/de\/wp-json\/wp\/v2\/media\/785"}],"wp:attachment":[{"href":"https:\/\/shop.promeditec.ch\/de\/wp-json\/wp\/v2\/media?parent=1681"}],"wp:term":[{"taxonomy":"product_cat","embeddable":true,"href":"https:\/\/shop.promeditec.ch\/de\/wp-json\/wp\/v2\/product_cat?post=1681"},{"taxonomy":"product_tag","embeddable":true,"href":"https:\/\/shop.promeditec.ch\/de\/wp-json\/wp\/v2\/product_tag?post=1681"}],"curies":[{"name":"wp","href":"https:\/\/api.w.org\/{rel}","templated":true}]}}