{"id":1666,"date":"2021-03-08T14:15:20","date_gmt":"2021-03-08T13:15:20","guid":{"rendered":"https:\/\/shop.promeditec.ch\/produit\/pneu-24-x-1-00-marathon-plus-evolution-540\/"},"modified":"2021-08-09T13:46:59","modified_gmt":"2021-08-09T11:46:59","slug":"pneu-24-x-1-00-marathon-plus-evolution-540","status":"publish","type":"product","link":"https:\/\/shop.promeditec.ch\/de\/produit\/pneu-24-x-1-00-marathon-plus-evolution-540\/","title":{"rendered":"Reifen 24 x 1.00 Marathon Plus Evolution (540)"},"content":{"rendered":"<p>&nbsp;<\/p>\n<p>Gr\u00f6sse: 24 x 1.00<br \/>\nE.T.R.T.O.: 25 &#8211; 540<br \/>\nProfil: HS 440<br \/>\nDruck: bis 10 bar<br \/>\nFarbe: schwarz<br \/>\nSchlauch-Nr.: 9A<\/p>\n<p><a href=\"\/shop_content.php?coID=0\"><strong><img decoding=\"async\" style=\"width: 141px; height: 20px;\" src=\"\/images\/artikelzusatzbilder\/SC_smartguard logo_gif.gif\" data-fancybox=\"gallery\" title=\"Reifen 24 x 1.00 Marathon Plus Evolution (540)\" alt=\"\" width=\"141\" height=\"20\" \/><\/strong><\/a> SmartGuard-Panenschutzeinlage aus hochelastischem Spezialkautschuk<\/p>\n<p><a href=\"\/shop_content.php?coID=0\"><img decoding=\"async\" style=\"width: 65px; height: 23px;\" src=\"https:\/\/shop.promeditec.ch\/wp-content\/uploads\/2021\/03\/SC_2grip-logo_gif.gif\" data-fancybox=\"gallery\" title=\"Reifen 24 x 1.00 Marathon Plus Evolution (540)\" alt=\"\" width=\"65\" height=\"23\" \/><\/a> Handschonende Reifen<\/p>\n<p><a href=\"\/shop_content.php?coID=0\"><img decoding=\"async\" style=\"width: 129px; height: 22px;\" src=\"\/images\/artikelzusatzbilder\/SC_black n roll logo_gif.gif\" data-fancybox=\"gallery\" title=\"Reifen 24 x 1.00 Marathon Plus Evolution (540)\" alt=\"\" width=\"129\" height=\"22\" \/><\/a> Keine dunklen Abriebspuren auf Indoor-B\u00f6den<\/p>\n<p>Absolut neu: Der erste Reifen der keine schwarzen Abriebspuren auf Indoor-B\u00f6den hinterl\u00e4sst. Das revolution\u00e4r neue Compound Black&#8217;n Roll, entwickelt in den Schwalbe-Labors, macht es m\u00f6glich. <a href=\"\/shop_content.php?coID=0\">Unplattbar*<\/a> durch SmartGuard und handschonend dank 2grip.<\/p>\n<p>&#8222;<\/p>\n","protected":false},"excerpt":{"rendered":"<p><strong><\/strong><\/p>\n<p>Gr&ouml;sse: 24 x 1.00<br \/>E.T.R.T.O.: 25 &#8211; 540<br \/>Profil: HS 348<br \/>Druck: bis 10 bar<br \/>Farbe: schwarz<br \/>Schlauch-Nr.: 9A<\/p>\n<p><a href=\"\/shop_content.php?coID=0\"><strong><img decoding=\"async\" width=\"141\" height=\"20\" style=\"width: 141px; height: 20px;\" alt=\"\" src=\"\/images\/artikelzusatzbilder\/SC_smartguard logo_gif.gif\" \/><\/strong><\/a><strong> <\/strong>SmartGuard-Panenschutzeinlage aus hochelastischem Spezialkautschuk<\/p>\n<p><a href=\"\/shop_content.php?coID=0\"><img decoding=\"async\" width=\"65\" height=\"23\" style=\"width: 65px; height: 23px;\" alt=\"\" src=\"https:\/\/shop.promeditec.ch\/wp-content\/uploads\/2021\/03\/SC_2grip-logo_gif.gif\" \/><\/a> Handschonende Reifen<\/p>\n<p><a href=\"\/shop_content.php?coID=0\"><img decoding=\"async\" width=\"129\" height=\"22\" style=\"width: 129px; height: 22px;\" alt=\"\" src=\"\/images\/artikelzusatzbilder\/SC_black n roll logo_gif.gif\" \/><\/a> Keine dunklen Abriebspuren auf Indoor-B&ouml;den<\/p>\n<p>Absolut neu: Der erste Reifen der keine schwarzen Abriebspuren auf Indoor-B&ouml;den hinterl&auml;sst. Das revolution&auml;r neue Compound Black&#8217;n Roll, entwickelt in den Schwalbe-Labors, macht es m&ouml;glich. <a href=\"\/shop_content.php?coID=0\">Unplattbar*<\/a> durch SmartGuard und handschonend dank 2grip.<\/p>\n<p>&#8222;<\/p>\n","protected":false},"featured_media":864,"comment_status":"closed","ping_status":"closed","template":"","meta":{"_acf_changed":false},"product_cat":[107,108,111],"product_tag":[],"class_list":{"0":"post-1666","1":"product","2":"type-product","3":"status-publish","4":"has-post-thumbnail","6":"product_brand-schwalbe-de","7":"product_cat-luftreifen-de","8":"product_cat-premium-p-de","9":"product_cat-24-x-3-4-1-00-p-de","11":"first","12":"instock","13":"taxable","14":"shipping-taxable","15":"purchasable","16":"product-type-simple"},"acf":[],"tiered_pricing_type":"fixed","tiered_pricing_fixed_rules":{"25":"28.50"},"tiered_pricing_product_settings":{"layout":"default","base_unit_name":{"singular":null,"plural":null},"default_variation":null},"tiered_pricing_minimum_quantity":1,"tiered_pricing_roles_data":[],"tiered_pricing_percentage_rules":[],"_links":{"self":[{"href":"https:\/\/shop.promeditec.ch\/de\/wp-json\/wp\/v2\/product\/1666","targetHints":{"allow":["GET"]}}],"collection":[{"href":"https:\/\/shop.promeditec.ch\/de\/wp-json\/wp\/v2\/product"}],"about":[{"href":"https:\/\/shop.promeditec.ch\/de\/wp-json\/wp\/v2\/types\/product"}],"replies":[{"embeddable":true,"href":"https:\/\/shop.promeditec.ch\/de\/wp-json\/wp\/v2\/comments?post=1666"}],"wp:featuredmedia":[{"embeddable":true,"href":"https:\/\/shop.promeditec.ch\/de\/wp-json\/wp\/v2\/media\/864"}],"wp:attachment":[{"href":"https:\/\/shop.promeditec.ch\/de\/wp-json\/wp\/v2\/media?parent=1666"}],"wp:term":[{"taxonomy":"product_cat","embeddable":true,"href":"https:\/\/shop.promeditec.ch\/de\/wp-json\/wp\/v2\/product_cat?post=1666"},{"taxonomy":"product_tag","embeddable":true,"href":"https:\/\/shop.promeditec.ch\/de\/wp-json\/wp\/v2\/product_tag?post=1666"}],"curies":[{"name":"wp","href":"https:\/\/api.w.org\/{rel}","templated":true}]}}