{"id":1660,"date":"2021-03-08T14:15:20","date_gmt":"2021-03-08T13:15:20","guid":{"rendered":"https:\/\/shop.promeditec.ch\/produit\/pneu-24-x-1-00-marathon-plus-evolution-reflex-540\/"},"modified":"2021-08-09T13:56:32","modified_gmt":"2021-08-09T11:56:32","slug":"pneu-24-x-1-00-marathon-plus-evolution-reflex-540","status":"publish","type":"product","link":"https:\/\/shop.promeditec.ch\/de\/produit\/pneu-24-x-1-00-marathon-plus-evolution-reflex-540\/","title":{"rendered":"Reifen 24 x 1.00 Marathon Plus Evolution Reflex (540)"},"content":{"rendered":"<p><strong><img decoding=\"async\" src=\"https:\/\/shop.promeditec.ch\/wp-content\/uploads\/2021\/03\/sc_schwalbe_logo_klein.gif\" alt=\"\" width=\"160&quot;\" height=\"52\" \/><\/strong><\/p>\n<p>Gr\u00f6sse: 24 x 1.00<br \/>\nE.T.R.T.O.: 25 &#8211; 540<br \/>\nProfil: HS 440<br \/>\nDruck: bis 10 bar<br \/>\nFarbe: schwarz<br \/>\nSchlauch-Nr.: 9A<\/p>\n<p><a href=\"\/shop_content.php?coID=0\"><strong><img decoding=\"async\" style=\"width: 141px; height: 20px;\" src=\"https:\/\/shop.promeditec.ch\/wp-content\/uploads\/2021\/03\/SC_smartguard-logo_gif.gif\" data-fancybox=\"gallery\" title=\"Reifen 24 x 1.00 Marathon Plus Evolution Reflex (540)\" alt=\"\" width=\"141\" height=\"20\" \/><\/strong><\/a> SmartGuard-Panenschutzeinlage aus hochelastischem Spezialkautschuk<\/p>\n<p><a href=\"\/shop_content.php?coID=0\"><img decoding=\"async\" style=\"width: 65px; height: 23px;\" src=\"https:\/\/shop.promeditec.ch\/wp-content\/uploads\/2021\/03\/SC_2grip-logo_gif.gif\" data-fancybox=\"gallery\" title=\"Reifen 24 x 1.00 Marathon Plus Evolution Reflex (540)\" alt=\"\" width=\"65\" height=\"23\" \/><\/a> Handschonende Reifen<\/p>\n<p><a href=\"\/shop_content.php?coID=0\"><img decoding=\"async\" style=\"width: 129px; height: 22px;\" src=\"https:\/\/shop.promeditec.ch\/wp-content\/uploads\/2021\/03\/SC_black-n-roll-logo_gif.gif\" data-fancybox=\"gallery\" title=\"Reifen 24 x 1.00 Marathon Plus Evolution Reflex (540)\" alt=\"\" width=\"129\" height=\"22\" \/><\/a> Keine dunklen Abriebspuren auf Indoor-B\u00f6den<\/p>\n<p>Absolut neu: Der erste Reifen der keine schwarzen Abriebspuren auf Indoor-B\u00f6den hinterl\u00e4sst. Das revolution\u00e4r neue Compound Black&#8217;n Roll, entwickelt in den Schwalbe-Labors, macht es m\u00f6glich. <a href=\"\/shop_content.php?coID=0\"><span style=\"color: #000000;\">Unplattbar*<\/span><\/a> durch SmartGuard und handschonend dank 2grip.<\/p>\n<p><strong><span style=\"font-size: medium;\">REFLEX<\/span><\/strong><br \/>\nMachen Sie sich sichtbar! Marathon Plus EVO jetzt optional mit reflektierendem Streifen. Die Streifen leuchten im Scheinwerferlicht hell auf. Mit den reifengro\u00dfen Lichtkreisen bleiben Sie auch in der schw\u00e4rzesten Nacht gut sichtbar.<\/p>\n<p>&#8222;<\/p>\n","protected":false},"excerpt":{"rendered":"<p><strong><\/strong><\/p>\n<p>Gr&ouml;sse: 24 x 1.00<br \/>E.T.R.T.O.: 25 &#8211; 540<br \/>Profil: HS 348<br \/>Druck: bis 10 bar<br \/>Farbe: schwarz<br \/>Schlauch-Nr.: 9A<\/p>\n<p><a href=\"\/shop_content.php?coID=0\"><strong><img decoding=\"async\" width=\"141\" height=\"20\" src=\"\/images\/artikelzusatzbilder\/SC_smartguard%20logo_gif.gif\" alt=\"\" style=\"width: 141px; height: 20px;\" \/><\/strong><\/a> SmartGuard-Panenschutzeinlage aus hochelastischem Spezialkautschuk<\/p>\n<p><a href=\"\/shop_content.php?coID=0\"><img decoding=\"async\" width=\"65\" height=\"23\" src=\"\/images\/artikelzusatzbilder\/SC_2grip%20logo_gif.gif\" alt=\"\" style=\"width: 65px; height: 23px;\" \/><\/a> Handschonende Reifen<\/p>\n<p><a href=\"\/shop_content.php?coID=0\"><img decoding=\"async\" width=\"129\" height=\"22\" src=\"\/images\/artikelzusatzbilder\/SC_black%20n%20roll%20logo_gif.gif\" alt=\"\" style=\"width: 129px; height: 22px;\" \/><\/a> Keine dunklen Abriebspuren auf Indoor-B&ouml;den<\/p>\n<p>Absolut neu: Der erste Reifen der keine schwarzen Abriebspuren auf Indoor-B&ouml;den hinterl&auml;sst. Das revolution&auml;r neue Compound Black&#8217;n Roll, entwickelt in den Schwalbe-Labors, macht es m&ouml;glich. <a href=\"\/shop_content.php?coID=0\"><font color=\"#000000\">Unplattbar*<\/font><\/a> durch SmartGuard und handschonend dank 2grip.<\/p>\n<p><strong><font size=\"3\">REFLEX<\/font><\/strong><br \/>Machen Sie sich sichtbar! Marathon Plus EVO jetzt optional mit reflektierendem Streifen. Die Streifen leuchten im Scheinwerferlicht hell auf. Mit den reifengro&szlig;en Lichtkreisen bleiben Sie auch in der schw&auml;rzesten Nacht gut sichtbar.<\/p>\n<p>&#8222;<\/p>\n","protected":false},"featured_media":4539,"comment_status":"closed","ping_status":"closed","template":"","meta":{"_acf_changed":false},"product_cat":[107,108,111],"product_tag":[],"class_list":{"0":"post-1660","1":"product","2":"type-product","3":"status-publish","4":"has-post-thumbnail","6":"product_brand-schwalbe-de","7":"product_cat-luftreifen-de","8":"product_cat-premium-p-de","9":"product_cat-24-x-3-4-1-00-p-de","11":"first","12":"instock","13":"taxable","14":"shipping-taxable","15":"purchasable","16":"product-type-simple"},"acf":[],"tiered_pricing_type":"fixed","tiered_pricing_fixed_rules":{"25":"31.50"},"tiered_pricing_product_settings":{"layout":"default","base_unit_name":{"singular":null,"plural":null},"default_variation":null},"tiered_pricing_minimum_quantity":1,"tiered_pricing_roles_data":[],"tiered_pricing_percentage_rules":[],"_links":{"self":[{"href":"https:\/\/shop.promeditec.ch\/de\/wp-json\/wp\/v2\/product\/1660","targetHints":{"allow":["GET"]}}],"collection":[{"href":"https:\/\/shop.promeditec.ch\/de\/wp-json\/wp\/v2\/product"}],"about":[{"href":"https:\/\/shop.promeditec.ch\/de\/wp-json\/wp\/v2\/types\/product"}],"replies":[{"embeddable":true,"href":"https:\/\/shop.promeditec.ch\/de\/wp-json\/wp\/v2\/comments?post=1660"}],"wp:featuredmedia":[{"embeddable":true,"href":"https:\/\/shop.promeditec.ch\/de\/wp-json\/wp\/v2\/media\/4539"}],"wp:attachment":[{"href":"https:\/\/shop.promeditec.ch\/de\/wp-json\/wp\/v2\/media?parent=1660"}],"wp:term":[{"taxonomy":"product_cat","embeddable":true,"href":"https:\/\/shop.promeditec.ch\/de\/wp-json\/wp\/v2\/product_cat?post=1660"},{"taxonomy":"product_tag","embeddable":true,"href":"https:\/\/shop.promeditec.ch\/de\/wp-json\/wp\/v2\/product_tag?post=1660"}],"curies":[{"name":"wp","href":"https:\/\/api.w.org\/{rel}","templated":true}]}}