{"id":1983,"date":"2021-03-09T11:06:06","date_gmt":"2021-03-09T10:06:06","guid":{"rendered":"https:\/\/shop.promeditec.ch\/?page_id=1983"},"modified":"2021-07-02T17:29:31","modified_gmt":"2021-07-02T15:29:31","slug":"accueil","status":"publish","type":"page","link":"https:\/\/shop.promeditec.ch\/de\/","title":{"rendered":"Startseite"},"content":{"rendered":"\n<div class=\"wp-block-cover alignfull has-background-gradient\"><img decoding=\"async\" width=\"1920\" height=\"1280\" class=\"wp-block-cover__image-background wp-image-3618\" alt=\"\" src=\"https:\/\/shop.promeditec.ch\/wp-content\/uploads\/2021\/04\/paysage.jpg\" style=\"object-position:50% 100%\" data-object-fit=\"cover\" data-object-position=\"50% 100%\" srcset=\"https:\/\/shop.promeditec.ch\/wp-content\/uploads\/2021\/04\/paysage.jpg 1920w, https:\/\/shop.promeditec.ch\/wp-content\/uploads\/2021\/04\/paysage-300x200.jpg 300w, https:\/\/shop.promeditec.ch\/wp-content\/uploads\/2021\/04\/paysage-600x400.jpg 600w, https:\/\/shop.promeditec.ch\/wp-content\/uploads\/2021\/04\/paysage-1024x683.jpg 1024w, https:\/\/shop.promeditec.ch\/wp-content\/uploads\/2021\/04\/paysage-768x512.jpg 768w, https:\/\/shop.promeditec.ch\/wp-content\/uploads\/2021\/04\/paysage-1536x1024.jpg 1536w, https:\/\/shop.promeditec.ch\/wp-content\/uploads\/2021\/04\/paysage-800x533.jpg 800w, https:\/\/shop.promeditec.ch\/wp-content\/uploads\/2021\/04\/paysage-960x640.jpg 960w, https:\/\/shop.promeditec.ch\/wp-content\/uploads\/2021\/04\/paysage-480x320.jpg 480w\" sizes=\"(max-width: 1920px) 100vw, 1920px\" \/><div class=\"wp-block-cover__inner-container is-layout-flow wp-block-cover-is-layout-flow\">\n<div class=\"wp-block-columns is-layout-flex wp-container-core-columns-is-layout-9d6595d7 wp-block-columns-is-layout-flex\">\n<div class=\"wp-block-column is-vertically-aligned-center blacktransp plr30 is-layout-flow wp-block-column-is-layout-flow\" style=\"flex-basis:66.66%\">\n<p><strong>Herzlich Willkommen Gast! M\u00f6chten Sie sich&nbsp;<a href=\"https:\/\/shop.promeditec.ch\/de\/mein-konto\/\">anmelden<\/a>? Oder wollen Sie ein&nbsp;<a href=\"https:\/\/shop.promeditec.ch\/de\/mein-konto\/\">Kundenkonto<\/a>&nbsp;er\u00f6ffnen?<\/strong><\/p>\n\n\n\n<p><strong>Konto-Neuanmeldungen werden nur von Firmen ber\u00fccksichtigt, die im Handelsregister erfasst sind und nachweislich als Wiederverk\u00e4ufer f\u00fcr Reifen, R\u00e4der und Rehabilitationsartikel auftreten.\r\n<\/strong><\/p>\n\n\n\n<p><strong>G\u00e4ste sind willkommen, im Katalog zu st\u00f6bern.<\/strong><\/p>\n<\/div>\n\n\n\n<div class=\"wp-block-column is-layout-flow wp-block-column-is-layout-flow\" style=\"flex-basis:33.33%\"><\/div>\n<\/div>\n<\/div><\/div>\n\n\n\n<div style=\"height:60px\" aria-hidden=\"true\" class=\"wp-block-spacer\"><\/div>\n\n\n\n<div class=\"wp-block-columns is-layout-flex wp-container-core-columns-is-layout-9d6595d7 wp-block-columns-is-layout-flex\">\n<div class=\"wp-block-column lightgreybg is-layout-flow wp-block-column-is-layout-flow\" style=\"flex-basis:33%\">\n<p class=\"text-left\"><strong>In unserem e-shop finden Sie Rehabilitationsmaterial:<\/strong><\/p>\n\n\n\n<ul class=\"wp-block-list\"><li><a href=\"https:\/\/shop.promeditec.ch\/de\/cat\/pu-reifen-de\/\">1 PU-Reifen<\/a>,\u00a0<a href=\"https:\/\/shop.promeditec.ch\/de\/cat\/luftreifen-de\/\">Luftreifen\u00a0<\/a>und\u00a0<a href=\"https:\/\/shop.promeditec.ch\/de\/cat\/schlauche-de\/\">Schlauche<\/a><\/li><li>2 <a href=\"https:\/\/shop.promeditec.ch\/de\/cat\/greifreifen-de\/\">Greifreifen<\/a><\/li><li>3 <a href=\"https:\/\/shop.promeditec.ch\/de\/cat\/lenkrader-de\/\">Lenkr\u00e4der<\/a> \u00a0<\/li><li><a href=\"https:\/\/shop.promeditec.ch\/de\/cat\/zubehoer\/\">Zubeh\u00f6r<\/a>\u00a0wie\u00a0<a href=\"https:\/\/shop.promeditec.ch\/de\/cat\/zubehoer\/speichenschutz-de\/\">Speichenschutz<\/a>,\u00a0<a href=\"https:\/\/shop.promeditec.ch\/de\/cat\/zubehoer\/kissen-de\/\">Kissen<\/a>\u2026<\/li><li><a href=\"https:\/\/shop.promeditec.ch\/de\/cat\/mobilitat-de\/gehhilfen-de\/\">Gehilfen<\/a>\u00a0+\u00a0<a href=\"https:\/\/shop.promeditec.ch\/de\/cat\/mobilitat-de\/ersatzteile-gehhilfen-de\/\">Ersatzteilen<\/a><\/li><\/ul>\n<\/div>\n\n\n\n<div class=\"wp-block-column is-layout-flow wp-block-column-is-layout-flow\" style=\"flex-basis:66%\">\n<figure class=\"wp-block-image size-large\"><img decoding=\"async\" width=\"957\" height=\"697\" src=\"https:\/\/shop.promeditec.ch\/wp-content\/uploads\/2021\/03\/chaise-roulante.jpg\" alt=\"\" class=\"wp-image-3536\" srcset=\"https:\/\/shop.promeditec.ch\/wp-content\/uploads\/2021\/03\/chaise-roulante.jpg 957w, https:\/\/shop.promeditec.ch\/wp-content\/uploads\/2021\/03\/chaise-roulante-300x218.jpg 300w, https:\/\/shop.promeditec.ch\/wp-content\/uploads\/2021\/03\/chaise-roulante-600x437.jpg 600w, https:\/\/shop.promeditec.ch\/wp-content\/uploads\/2021\/03\/chaise-roulante-768x559.jpg 768w, https:\/\/shop.promeditec.ch\/wp-content\/uploads\/2021\/03\/chaise-roulante-800x583.jpg 800w, https:\/\/shop.promeditec.ch\/wp-content\/uploads\/2021\/03\/chaise-roulante-480x350.jpg 480w\" sizes=\"(max-width: 957px) 100vw, 957px\" \/><\/figure>\n<\/div>\n<\/div>\n","protected":false},"excerpt":{"rendered":"<p><img decoding=\"async\" width=\"1920\" height=\"1280\" class=\"wp-block-cover__image-background wp-image-3618\" alt=\"\" src=\"https:\/\/shop.promeditec.ch\/wp-content\/uploads\/2021\/04\/paysage.jpg\" style=\"object-position:50% 100%\" data-object-fit=\"cover\" data-object-position=\"50% 100%\" srcset=\"https:\/\/shop.promeditec.ch\/wp-content\/uploads\/2021\/04\/paysage.jpg 1920w, https:\/\/shop.promeditec.ch\/wp-content\/uploads\/2021\/04\/paysage-300x200.jpg 300w, https:\/\/shop.promeditec.ch\/wp-content\/uploads\/2021\/04\/paysage-600x400.jpg 600w, https:\/\/shop.promeditec.ch\/wp-content\/uploads\/2021\/04\/paysage-1024x683.jpg 1024w, https:\/\/shop.promeditec.ch\/wp-content\/uploads\/2021\/04\/paysage-768x512.jpg 768w, https:\/\/shop.promeditec.ch\/wp-content\/uploads\/2021\/04\/paysage-1536x1024.jpg 1536w, https:\/\/shop.promeditec.ch\/wp-content\/uploads\/2021\/04\/paysage-800x533.jpg 800w, https:\/\/shop.promeditec.ch\/wp-content\/uploads\/2021\/04\/paysage-960x640.jpg 960w, https:\/\/shop.promeditec.ch\/wp-content\/uploads\/2021\/04\/paysage-480x320.jpg 480w\" sizes=\"(max-width: 1920px) 100vw, 1920px\" \/><\/p>\n<p>Herzlich Willkommen Gast! M\u00f6chten Sie sich&nbsp;<a href=\"https:\/\/shop.promeditec.ch\/de\/mein-konto\/\">anmelden<\/a>? Oder wollen Sie ein&nbsp;<a href=\"https:\/\/shop.promeditec.ch\/de\/mein-konto\/\">Kundenkonto<\/a>&nbsp;er\u00f6ffnen?<\/p>\n<p>Konto-Neuanmeldungen werden nur von Firmen ber\u00fccksichtigt, die im Handelsregister erfasst sind und nachweislich als Wiederverk\u00e4ufer f\u00fcr Reifen, R\u00e4der und Rehabilitationsartikel auftreten.\n<\/p>\n<p>G\u00e4ste sind willkommen, im Katalog zu st\u00f6bern.<\/p>\n<p class=\"text-left\">In unserem e-shop finden Sie Rehabilitationsmaterial:<\/p>\n<ul class=\"wp-block-list\">\n<li><a href=\"https:\/\/shop.promeditec.ch\/de\/cat\/pu-reifen-de\/\">1 PU-Reifen<\/a>,\u00a0<a href=\"https:\/\/shop.promeditec.ch\/de\/cat\/luftreifen-de\/\">Luftreifen\u00a0<\/a>und\u00a0<a href=\"https:\/\/shop.promeditec.ch\/de\/cat\/schlauche-de\/\">Schlauche<\/a><\/li>\n<li>2 <a href=\"https:\/\/shop.promeditec.ch\/de\/cat\/greifreifen-de\/\">Greifreifen<\/a><\/li>\n<li>3 <a href=\"https:\/\/shop.promeditec.ch\/de\/cat\/lenkrader-de\/\">Lenkr\u00e4der<\/a> \u00a0<\/li>\n<li><a href=\"https:\/\/shop.promeditec.ch\/de\/cat\/zubehoer\/\">Zubeh\u00f6r<\/a>\u00a0wie\u00a0<a href=\"https:\/\/shop.promeditec.ch\/de\/cat\/zubehoer\/speichenschutz-de\/\">Speichenschutz<\/a>,\u00a0<\/li>\n<\/ul>\n<p> <a href=\"https:\/\/shop.promeditec.ch\/de\/\"><span class=\"btn\">Lire la suite<\/span><\/a><\/p>\n","protected":false},"author":1,"featured_media":0,"parent":0,"menu_order":0,"comment_status":"closed","ping_status":"closed","template":"","meta":{"_acf_changed":false,"footnotes":""},"class_list":["post-1983","page","type-page","status-publish","hentry"],"acf":[],"_links":{"self":[{"href":"https:\/\/shop.promeditec.ch\/de\/wp-json\/wp\/v2\/pages\/1983","targetHints":{"allow":["GET"]}}],"collection":[{"href":"https:\/\/shop.promeditec.ch\/de\/wp-json\/wp\/v2\/pages"}],"about":[{"href":"https:\/\/shop.promeditec.ch\/de\/wp-json\/wp\/v2\/types\/page"}],"author":[{"embeddable":true,"href":"https:\/\/shop.promeditec.ch\/de\/wp-json\/wp\/v2\/users\/1"}],"replies":[{"embeddable":true,"href":"https:\/\/shop.promeditec.ch\/de\/wp-json\/wp\/v2\/comments?post=1983"}],"version-history":[{"count":0,"href":"https:\/\/shop.promeditec.ch\/de\/wp-json\/wp\/v2\/pages\/1983\/revisions"}],"wp:attachment":[{"href":"https:\/\/shop.promeditec.ch\/de\/wp-json\/wp\/v2\/media?parent=1983"}],"curies":[{"name":"wp","href":"https:\/\/api.w.org\/{rel}","templated":true}]}}